{"id":2347,"date":"2019-09-03T23:15:22","date_gmt":"2019-09-04T02:15:22","guid":{"rendered":"https:\/\/convidas.org.br\/site\/fale-conosco\/"},"modified":"2020-08-04T13:49:08","modified_gmt":"2020-08-04T16:49:08","slug":"fale-conosco","status":"publish","type":"page","link":"https:\/\/convidas.org.br\/site\/fale-conosco\/","title":{"rendered":"Fale Conosco"},"content":{"rendered":"<div role=\"form\" class=\"wpcf7\" id=\"wpcf7-f3491-o1\" lang=\"pt-BR\" dir=\"ltr\">\n<div class=\"screen-reader-response\"><\/div>\n<form action=\"\/site\/wp-json\/wp\/v2\/pages\/2347#wpcf7-f3491-o1\" method=\"post\" class=\"wpcf7-form\" novalidate=\"novalidate\">\n<div style=\"display: none;\">\n<input type=\"hidden\" name=\"_wpcf7\" value=\"3491\" \/>\n<input type=\"hidden\" name=\"_wpcf7_version\" value=\"4.3.1\" \/>\n<input type=\"hidden\" name=\"_wpcf7_locale\" value=\"pt_BR\" \/>\n<input type=\"hidden\" name=\"_wpcf7_unit_tag\" value=\"wpcf7-f3491-o1\" \/>\n<input type=\"hidden\" name=\"_wpnonce\" value=\"26ef36faa7\" \/>\n<\/div>\n<div class=\"blocoformulario\">\n<p>Entre em contato conosco usando o formul\u00e1rio abaixo ou nos ligue: para fins de est\u00e1gios, trabalho volunt\u00e1rio, visitas acompanhadas, formas de ajuda, sugest\u00f5es e outros... Lhe atenderemos com a maior satisfa\u00e7\u00e3o.<\/p>\n<p><strong>Campos com * s\u00e3o de preenchimento obrigat\u00f3rio<\/strong><\/p>\n<p>Seu nome* <br \/>\n    <span class=\"wpcf7-form-control-wrap nome\"><input type=\"text\" name=\"nome\" value=\"\" size=\"40\" class=\"wpcf7-form-control wpcf7-text wpcf7-validates-as-required\" aria-required=\"true\" aria-invalid=\"false\" \/><\/span> <\/p>\n<p>Seu e-mail* <br \/>\n    <span class=\"wpcf7-form-control-wrap email\"><input type=\"email\" name=\"email\" value=\"\" size=\"40\" class=\"wpcf7-form-control wpcf7-text wpcf7-email wpcf7-validates-as-required wpcf7-validates-as-email\" aria-required=\"true\" aria-invalid=\"false\" \/><\/span> <\/p>\n<p>Telefone para contato <br \/>\n    <span class=\"wpcf7-form-control-wrap telefone\"><input type=\"text\" name=\"telefone\" value=\"\" size=\"40\" class=\"wpcf7-form-control wpcf7-text wpcf7-validates-as-required\" aria-required=\"true\" aria-invalid=\"false\" \/><\/span> <\/p>\n<p>Cidade e estado <br \/>\n    <span class=\"wpcf7-form-control-wrap cidade\"><input type=\"text\" name=\"cidade\" value=\"\" size=\"40\" class=\"wpcf7-form-control wpcf7-text wpcf7-validates-as-required\" aria-required=\"true\" aria-invalid=\"false\" \/><\/span> <\/p>\n<p>Sua mensagem* <br \/>\n    <span class=\"wpcf7-form-control-wrap mensagem\"><textarea name=\"mensagem\" cols=\"40\" rows=\"10\" class=\"wpcf7-form-control wpcf7-textarea wpcf7-validates-as-required\" aria-required=\"true\" aria-invalid=\"false\"><\/textarea><\/span> <\/p>\n<p>C\u00f3digo Anti-Spam<br \/>\n    <input type=\"hidden\" name=\"_wpcf7_captcha_challenge_captcha\" value=\"437752814\" \/><img loading=\"lazy\" decoding=\"async\" class=\"wpcf7-form-control wpcf7-captchac wpcf7-captcha-captcha\" width=\"72\" height=\"24\" alt=\"captcha\" src=\"https:\/\/convidas.org.br\/site\/wp-content\/uploads\/wpcf7_captcha\/437752814.png\" \/> <\/p>\n<p>Digite o c\u00f3digo Anti-Spam abaixo:<br \/>\n    <span class=\"wpcf7-form-control-wrap captcha\"><input type=\"text\" name=\"captcha\" value=\"\" size=\"40\" class=\"wpcf7-form-control wpcf7-captchar\" aria-invalid=\"false\" \/><\/span> <\/p>\n<p><input type=\"submit\" value=\"Enviar Mensagem\" class=\"wpcf7-form-control wpcf7-submit\" \/><\/p>\n<\/div>\n<div class=\"blocomapa\">\n<b>Convidas - Associa\u00e7\u00e3o para Conserva\u00e7\u00e3o da Vida Silvestre<\/b><br \/>\nRua Manoel Tomaz de Rezende, n\u00ba 207 - Petr\u00f3polis - CEP 99050-135<br \/>\nPasso Fundo \/ RS<br \/>\nFone: (54) 3313-6936<br \/>\nCel.: (54) 99649-6110<br \/>\nEmail: convidas@convidas.org.br<\/p>\n<\/div>\n<div class=\"wpcf7-response-output wpcf7-display-none\"><\/div><\/form><\/div>\n","protected":false},"excerpt":{"rendered":"","protected":false},"author":1,"featured_media":0,"parent":0,"menu_order":24,"comment_status":"closed","ping_status":"closed","template":"","meta":{"footnotes":""},"class_list":["post-2347","page","type-page","status-publish","hentry"],"_links":{"self":[{"href":"https:\/\/convidas.org.br\/site\/wp-json\/wp\/v2\/pages\/2347"}],"collection":[{"href":"https:\/\/convidas.org.br\/site\/wp-json\/wp\/v2\/pages"}],"about":[{"href":"https:\/\/convidas.org.br\/site\/wp-json\/wp\/v2\/types\/page"}],"author":[{"embeddable":true,"href":"https:\/\/convidas.org.br\/site\/wp-json\/wp\/v2\/users\/1"}],"replies":[{"embeddable":true,"href":"https:\/\/convidas.org.br\/site\/wp-json\/wp\/v2\/comments?post=2347"}],"version-history":[{"count":1,"href":"https:\/\/convidas.org.br\/site\/wp-json\/wp\/v2\/pages\/2347\/revisions"}],"predecessor-version":[{"id":3492,"href":"https:\/\/convidas.org.br\/site\/wp-json\/wp\/v2\/pages\/2347\/revisions\/3492"}],"wp:attachment":[{"href":"https:\/\/convidas.org.br\/site\/wp-json\/wp\/v2\/media?parent=2347"}],"curies":[{"name":"wp","href":"https:\/\/api.w.org\/{rel}","templated":true}]}}