{"id":2348,"date":"2019-09-03T23:15:22","date_gmt":"2019-09-04T02:15:22","guid":{"rendered":"https:\/\/convidas.org.br\/site\/quem-somos\/"},"modified":"2025-11-13T09:16:25","modified_gmt":"2025-11-13T12:16:25","slug":"quem-somos","status":"publish","type":"page","link":"https:\/\/convidas.org.br\/site\/quem-somos\/","title":{"rendered":"Origem"},"content":{"rendered":"<p>&nbsp;<\/p>\n<h4 style=\"text-align: center;\"><span style=\"color: #000000;\">O est\u00edmulo para a cria\u00e7\u00e3o da CONVIDAS veio de um Grupo de Pesquisa de Campo centrada no monitoramento dos PRIMATAS do Rio Grande do Sul. Foram as expedi\u00e7\u00f5es do Grupo &#8211; denominado EPRIM (Equipe de Primatas) e originado no Curso de Biologia da UPF &#8211; a evidenciar a necessidade de uma base de apoio apta a abrigar exemplares de macacos prego e bugios encontrados em estado de precariedade extrema, seja em campo, seja em casos de posse irregular.<\/span><\/h4>\n<p>&nbsp;<\/p>\n<h4 style=\"text-align: center;\"><span style=\"color: #333333;\"><span style=\"color: #000000;\"><strong>FINALIDADE:<\/strong><\/span> Instalar, dar suporte jur\u00eddico e sustenta\u00e7\u00e3o funcional ao Abrigo denominado, desde logo, Centro de Acolhimento de Primatas e Aves*, ou Primaves.<\/span><\/h4>\n<h5 style=\"text-align: center;\"><span style=\"color: #333333;\">*A inclus\u00e3o de aves como papagaios, araras, tucanos e outras, foi decidida na primeira reda\u00e7\u00e3o do Estatuto.<\/span><\/h5>\n<h3 style=\"text-align: left;\"><\/h3>\n<p>&nbsp;<\/p>\n<h4 style=\"text-align: center;\"><span style=\"color: #333333;\"><strong><span style=\"color: #000000;\">MISS\u00c3O:<\/span><\/strong> (1) Acompanhar e apoiar programas de CONSERVA\u00c7\u00c3O de Fauna e PRESERVA\u00c7\u00c3O de Habitats silvestres.<\/span><\/h4>\n<h4 style=\"text-align: center;\"><span style=\"color: #333333;\">(2) Oferecer ABRIGO a indiv\u00edduos sem positivas condi\u00e7\u00f5es de introdu\u00e7\u00e3o ou reintrodu\u00e7\u00e3o em ambientes naturais.<\/span><\/h4>\n<p>&nbsp;<\/p>\n<p>&nbsp;<\/p>\n<h3 style=\"text-align: center;\"><img decoding=\"async\" class=\"wp-image-8306 aligncenter\" src=\"https:\/\/convidas.org.br\/site\/wp-content\/uploads\/2023\/07\/3.png\" alt=\"\" width=\"185\" height=\"192\"  loading=\"lazy\" \/><\/h3>\n<h3 style=\"text-align: center;\"><strong><span style=\"color: #000000;\">Projeto Primaves<\/span><\/strong><\/h3>\n<p>&nbsp;<\/p>\n<h4><span style=\"color: #333333;\">A Convidas foi criada para acolher e manter animais silvestres com hist\u00f3rico proibitivo quanto a condi\u00e7\u00f5es de (re)introdu\u00e7\u00e3o na natureza. Instalado na Vila do distrito de Bela Vista &#8211; Passo Fundo\/RS, o Projeto, denominado Centro de Acolhimento de Primatas e Aves &#8211; vulgo PRIMAVES (de primatas e aves) &#8211; sua popula\u00e7\u00e3o, em 2024, manteve-se ao redor de 500 indiv\u00edduos, entre primatas e outros mam\u00edferos, aves e r\u00e9pteis, pertencentes a 60 esp\u00e9cies e sub esp\u00e9cies.<\/span><\/h4>\n<h4><span style=\"color: #000000;\">A fun\u00e7\u00e3o original do Centro seria dar abrigo a indiv\u00edduos em dificuldade, identificados em trabalhos de pesquisa de campo.<\/span><\/h4>\n<h4><span style=\"color: #000000;\">A abertura do Centro, entretanto, originou solicita\u00e7\u00f5es provenientes de lugares, agentes e circunst\u00e2ncias inesperados, raz\u00e3o de seu atual formato: um mantenedor de fauna silvestre em geral, reservado a indiv\u00edduos encaminhados por Autoridades competentes em circunst\u00e2ncias de apreens\u00f5es relacionadas a crimes de ca\u00e7a, ferimentos permanentes, contrabando, maus tratos, posse ilegal, precariedade de cust\u00f3dia, todos, em todo caso, registrados pela ou junto \u00e0 SEMA &#8211; Secretaria Estadual do Meio Ambiente do Rio Grande do Sul &#8211; para fins de Conserva\u00e7\u00e3o em Cativeiro.<\/span><\/h4>\n<p>&nbsp;<\/p>\n<p>&nbsp;<\/p>\n<h3 style=\"text-align: center;\"><strong>Programa de Educa\u00e7\u00e3o Ambiental<\/strong><\/h3>\n<h4 style=\"text-align: center;\"><span style=\"color: #008000;\">O Primaves recebe visitas d<strong>e Segunda \u00e0 Domingo,<\/strong>\u00a0das 14h00 \u00e0s 18h00.<\/span><\/h4>\n<h5><\/h5>\n","protected":false},"excerpt":{"rendered":"<p>&nbsp; O est\u00edmulo para a cria\u00e7\u00e3o da CONVIDAS veio de um Grupo de Pesquisa de Campo centrada no monitoramento dos PRIMATAS do Rio Grande do Sul. Foram as expedi\u00e7\u00f5es do Grupo &#8211; denominado EPRIM (Equipe de Primatas) e originado no Curso de Biologia da UPF &#8211; a evidenciar a necessidade de uma base de apoio [&hellip;]<\/p>\n","protected":false},"author":1,"featured_media":0,"parent":0,"menu_order":25,"comment_status":"closed","ping_status":"closed","template":"","meta":{"footnotes":""},"class_list":["post-2348","page","type-page","status-publish","hentry"],"_links":{"self":[{"href":"https:\/\/convidas.org.br\/site\/wp-json\/wp\/v2\/pages\/2348"}],"collection":[{"href":"https:\/\/convidas.org.br\/site\/wp-json\/wp\/v2\/pages"}],"about":[{"href":"https:\/\/convidas.org.br\/site\/wp-json\/wp\/v2\/types\/page"}],"author":[{"embeddable":true,"href":"https:\/\/convidas.org.br\/site\/wp-json\/wp\/v2\/users\/1"}],"replies":[{"embeddable":true,"href":"https:\/\/convidas.org.br\/site\/wp-json\/wp\/v2\/comments?post=2348"}],"version-history":[{"count":17,"href":"https:\/\/convidas.org.br\/site\/wp-json\/wp\/v2\/pages\/2348\/revisions"}],"predecessor-version":[{"id":8888,"href":"https:\/\/convidas.org.br\/site\/wp-json\/wp\/v2\/pages\/2348\/revisions\/8888"}],"wp:attachment":[{"href":"https:\/\/convidas.org.br\/site\/wp-json\/wp\/v2\/media?parent=2348"}],"curies":[{"name":"wp","href":"https:\/\/api.w.org\/{rel}","templated":true}]}}