{"id":2356,"date":"2019-09-03T23:15:22","date_gmt":"2019-09-04T02:15:22","guid":{"rendered":"https:\/\/convidas.org.br\/site\/doe-agora\/"},"modified":"2023-08-22T11:08:09","modified_gmt":"2023-08-22T14:08:09","slug":"doe","status":"publish","type":"page","link":"https:\/\/convidas.org.br\/site\/doe\/","title":{"rendered":"Doe"},"content":{"rendered":"<h2 style=\"text-align: center;\">Fa\u00e7a sua doa\u00e7\u00e3o via pix:<\/h2>\n<p>&nbsp;<\/p>\n<h2 style=\"text-align: center;\">Chave<\/h2>\n<h3 style=\"text-align: center;\"><b>CNPJ: 06.748.824\/0001-20<\/b><\/h3>\n<p>&nbsp;<\/p>\n<h3><\/h3>\n<h3 style=\"text-align: center;\"><strong>Banco Banrisul (041)<\/strong><\/h3>\n<h3 style=\"text-align: center;\">Ag. 0310 Cc: 06.856.755.0-2<\/h3>\n<p>&nbsp;<\/p>\n<div><\/div>\n<div>\n<h3 style=\"text-align: center;\"><b>Titular: Associa\u00e7\u00e3o para Conserva\u00e7\u00e3o da Vida Silvestre<\/b><\/h3>\n<h4 style=\"text-align: center;\"><span style=\"color: #000000;\">Confira os dados antes de concluir a opera\u00e7\u00e3o. Obrigado!<\/span><\/h4>\n<\/div>\n","protected":false},"excerpt":{"rendered":"<p>Fa\u00e7a sua doa\u00e7\u00e3o via pix: &nbsp; Chave CNPJ: 06.748.824\/0001-20 &nbsp; Banco Banrisul (041) Ag. 0310 Cc: 06.856.755.0-2 &nbsp; Titular: Associa\u00e7\u00e3o para Conserva\u00e7\u00e3o da Vida Silvestre Confira os dados antes de concluir a opera\u00e7\u00e3o. Obrigado!<\/p>\n","protected":false},"author":1,"featured_media":0,"parent":0,"menu_order":21,"comment_status":"closed","ping_status":"closed","template":"","meta":{"footnotes":""},"class_list":["post-2356","page","type-page","status-publish","hentry"],"_links":{"self":[{"href":"https:\/\/convidas.org.br\/site\/wp-json\/wp\/v2\/pages\/2356"}],"collection":[{"href":"https:\/\/convidas.org.br\/site\/wp-json\/wp\/v2\/pages"}],"about":[{"href":"https:\/\/convidas.org.br\/site\/wp-json\/wp\/v2\/types\/page"}],"author":[{"embeddable":true,"href":"https:\/\/convidas.org.br\/site\/wp-json\/wp\/v2\/users\/1"}],"replies":[{"embeddable":true,"href":"https:\/\/convidas.org.br\/site\/wp-json\/wp\/v2\/comments?post=2356"}],"version-history":[{"count":5,"href":"https:\/\/convidas.org.br\/site\/wp-json\/wp\/v2\/pages\/2356\/revisions"}],"predecessor-version":[{"id":8341,"href":"https:\/\/convidas.org.br\/site\/wp-json\/wp\/v2\/pages\/2356\/revisions\/8341"}],"wp:attachment":[{"href":"https:\/\/convidas.org.br\/site\/wp-json\/wp\/v2\/media?parent=2356"}],"curies":[{"name":"wp","href":"https:\/\/api.w.org\/{rel}","templated":true}]}}